{"id":6314,"date":"2024-02-26T19:01:52","date_gmt":"2024-02-26T18:01:52","guid":{"rendered":"https:\/\/mparnature.fr\/?post_type=product&#038;p=6314"},"modified":"2025-08-30T12:32:28","modified_gmt":"2025-08-30T10:32:28","slug":"la-mascotte","status":"publish","type":"product","link":"https:\/\/mparnature.fr\/index.php\/produit\/la-mascotte\/","title":{"rendered":"La Mascotte"},"content":{"rendered":"","protected":false},"excerpt":{"rendered":"<p>Avec ses 70 grammes, ce savon naturel est id\u00e9al pour la peau d\u00e9licate de vos enfants, alliant les bienfaits nourrissants, adoucissants et protecteurs du lait de ch\u00e8vre aux vertus cicatrisantes et apaisantes de l&rsquo;huile d&rsquo;olive. Offrez \u00e0 leurs peaux la douceur qu&rsquo;elles m\u00e9ritent !<\/p>\n","protected":false},"featured_media":6354,"comment_status":"open","ping_status":"closed","template":"","meta":{"jetpack_post_was_ever_published":false},"product_brand":[],"product_cat":[88,47,49,48,46,89,45,44,50],"product_tag":[103],"class_list":{"0":"post-6314","1":"product","2":"type-product","3":"status-publish","4":"has-post-thumbnail","6":"product_cat-eczema","7":"product_cat-peau-grasse","8":"product_cat-peau-mature","9":"product_cat-peau-seche","10":"product_cat-peau-sensible","11":"product_cat-psoriasis","12":"product_cat-sans-allergene","13":"product_cat-sans-parfum","14":"product_cat-savon-enfant","15":"product_tag-savon-enfant","17":"first","18":"outofstock","19":"shipping-taxable","20":"purchasable","21":"product-type-simple"},"aioseo_notices":[],"jetpack-related-posts":[],"jetpack_sharing_enabled":true,"_links":{"self":[{"href":"https:\/\/mparnature.fr\/index.php\/wp-json\/wp\/v2\/product\/6314","targetHints":{"allow":["GET"]}}],"collection":[{"href":"https:\/\/mparnature.fr\/index.php\/wp-json\/wp\/v2\/product"}],"about":[{"href":"https:\/\/mparnature.fr\/index.php\/wp-json\/wp\/v2\/types\/product"}],"replies":[{"embeddable":true,"href":"https:\/\/mparnature.fr\/index.php\/wp-json\/wp\/v2\/comments?post=6314"}],"version-history":[{"count":1,"href":"https:\/\/mparnature.fr\/index.php\/wp-json\/wp\/v2\/product\/6314\/revisions"}],"predecessor-version":[{"id":6317,"href":"https:\/\/mparnature.fr\/index.php\/wp-json\/wp\/v2\/product\/6314\/revisions\/6317"}],"wp:featuredmedia":[{"embeddable":true,"href":"https:\/\/mparnature.fr\/index.php\/wp-json\/wp\/v2\/media\/6354"}],"wp:attachment":[{"href":"https:\/\/mparnature.fr\/index.php\/wp-json\/wp\/v2\/media?parent=6314"}],"wp:term":[{"taxonomy":"product_brand","embeddable":true,"href":"https:\/\/mparnature.fr\/index.php\/wp-json\/wp\/v2\/product_brand?post=6314"},{"taxonomy":"product_cat","embeddable":true,"href":"https:\/\/mparnature.fr\/index.php\/wp-json\/wp\/v2\/product_cat?post=6314"},{"taxonomy":"product_tag","embeddable":true,"href":"https:\/\/mparnature.fr\/index.php\/wp-json\/wp\/v2\/product_tag?post=6314"}],"curies":[{"name":"wp","href":"https:\/\/api.w.org\/{rel}","templated":true}]}}