{"id":6272,"date":"2024-08-03T18:48:59","date_gmt":"2024-08-03T16:48:59","guid":{"rendered":"https:\/\/mparnature.fr\/?post_type=product&#038;p=6272"},"modified":"2026-02-09T11:29:29","modified_gmt":"2026-02-09T10:29:29","slug":"shampoing-solide","status":"publish","type":"product","link":"https:\/\/mparnature.fr\/index.php\/produit\/shampoing-solide\/","title":{"rendered":"Shampoo -milk"},"content":{"rendered":"","protected":false},"excerpt":{"rendered":"<p>Offrez \u00e0 vos cheveux le meilleur avec notre shampoing solide de 70 grammes ! Ce shampoing naturel r\u00e9unit \u00e0 lui seul tous les soins n\u00e9cessaires pour sublimer votre chevelure, le tout dans une formule pratique et respectueuse de l\u2019environnement.<\/p>\n<hr \/>\n<ul>\n<li>Apporte du volume<\/li>\n<li>Favorise la repousse<\/li>\n<li>Anti-pelliculaire<\/li>\n<li>D\u00e9m\u00e9lant<\/li>\n<\/ul>\n<hr \/>\n<p>Profitez de la fra\u00eecheur des agrumes avec l&rsquo;huile essentielle d&rsquo;orange douce, tout en revitalisant vos cheveux.<\/p>\n","protected":false},"featured_media":6304,"comment_status":"open","ping_status":"closed","template":"","meta":{"jetpack_post_was_ever_published":false},"product_brand":[],"product_cat":[92,88,89,104],"product_tag":[105],"class_list":{"0":"post-6272","1":"product","2":"type-product","3":"status-publish","4":"has-post-thumbnail","6":"product_cat-cosmetique","7":"product_cat-eczema","8":"product_cat-psoriasis","9":"product_cat-shampoing","10":"product_tag-orange-douce","12":"first","13":"instock","14":"shipping-taxable","15":"purchasable","16":"product-type-simple"},"aioseo_notices":[],"jetpack-related-posts":[],"jetpack_sharing_enabled":true,"_links":{"self":[{"href":"https:\/\/mparnature.fr\/index.php\/wp-json\/wp\/v2\/product\/6272","targetHints":{"allow":["GET"]}}],"collection":[{"href":"https:\/\/mparnature.fr\/index.php\/wp-json\/wp\/v2\/product"}],"about":[{"href":"https:\/\/mparnature.fr\/index.php\/wp-json\/wp\/v2\/types\/product"}],"replies":[{"embeddable":true,"href":"https:\/\/mparnature.fr\/index.php\/wp-json\/wp\/v2\/comments?post=6272"}],"version-history":[{"count":3,"href":"https:\/\/mparnature.fr\/index.php\/wp-json\/wp\/v2\/product\/6272\/revisions"}],"predecessor-version":[{"id":6306,"href":"https:\/\/mparnature.fr\/index.php\/wp-json\/wp\/v2\/product\/6272\/revisions\/6306"}],"wp:featuredmedia":[{"embeddable":true,"href":"https:\/\/mparnature.fr\/index.php\/wp-json\/wp\/v2\/media\/6304"}],"wp:attachment":[{"href":"https:\/\/mparnature.fr\/index.php\/wp-json\/wp\/v2\/media?parent=6272"}],"wp:term":[{"taxonomy":"product_brand","embeddable":true,"href":"https:\/\/mparnature.fr\/index.php\/wp-json\/wp\/v2\/product_brand?post=6272"},{"taxonomy":"product_cat","embeddable":true,"href":"https:\/\/mparnature.fr\/index.php\/wp-json\/wp\/v2\/product_cat?post=6272"},{"taxonomy":"product_tag","embeddable":true,"href":"https:\/\/mparnature.fr\/index.php\/wp-json\/wp\/v2\/product_tag?post=6272"}],"curies":[{"name":"wp","href":"https:\/\/api.w.org\/{rel}","templated":true}]}}