{"id":5564,"date":"2024-11-01T18:01:15","date_gmt":"2024-11-01T17:01:15","guid":{"rendered":"https:\/\/mparnature.fr\/?post_type=product&#038;p=5564"},"modified":"2025-11-02T21:06:08","modified_gmt":"2025-11-02T20:06:08","slug":"savon-naturel-le-male","status":"publish","type":"product","link":"https:\/\/mparnature.fr\/index.php\/produit\/savon-naturel-le-male\/","title":{"rendered":"L&rsquo;Original &#8211; Adam"},"content":{"rendered":"","protected":false},"excerpt":{"rendered":"<p>Avec ses 100 grammes, ce savon naturel convient \u00e0 toutes les peaux et combine les vertus nourrissantes, adoucissantes et protectrices du lait de ch\u00e8vre aux propri\u00e9t\u00e9s anti-\u00e2ge, cicatrisantes et apaisantes de l&rsquo;huile d&rsquo;olive.<\/p>\n<hr \/>\n<ul>\n<li>Saponifi\u00e9 \u00e0 froid, surgras \u00e0 7%<\/li>\n<li>Favorise la cicatrisation de la peau<\/li>\n<li>R\u00e9gulateur de s\u00e9bum<\/li>\n<li>Lutte contre l&rsquo;ecz\u00e9ma et le psoriasis<\/li>\n<li>Adouci les peaux s\u00e8ches, irrit\u00e9es ou craquel\u00e9es<\/li>\n<li>Soin anti-age<\/li>\n<li>Sans sensation de tiraillement<\/li>\n<\/ul>\n<hr \/>\n<p>Laissez-vous transporter par l&rsquo;univers s\u00e9duisant de \u00ab\u00a0Tonka\u00a0\u00bb, une invitation irr\u00e9sistible \u00e0 savourer chaque instant avec intensit\u00e9 et plaisir.<\/p>\n","protected":false},"featured_media":6298,"comment_status":"open","ping_status":"closed","template":"","meta":{"jetpack_post_was_ever_published":false},"product_brand":[],"product_cat":[88,47,49,48,46,89,82],"product_tag":[84,83],"class_list":{"0":"post-5564","1":"product","2":"type-product","3":"status-publish","4":"has-post-thumbnail","6":"product_cat-eczema","7":"product_cat-peau-grasse","8":"product_cat-peau-mature","9":"product_cat-peau-seche","10":"product_cat-peau-sensible","11":"product_cat-psoriasis","12":"product_cat-savon-pour-homme","13":"product_tag-musc","14":"product_tag-tonka","16":"first","17":"instock","18":"shipping-taxable","19":"purchasable","20":"product-type-simple"},"aioseo_notices":[],"jetpack-related-posts":[],"jetpack_sharing_enabled":true,"_links":{"self":[{"href":"https:\/\/mparnature.fr\/index.php\/wp-json\/wp\/v2\/product\/5564","targetHints":{"allow":["GET"]}}],"collection":[{"href":"https:\/\/mparnature.fr\/index.php\/wp-json\/wp\/v2\/product"}],"about":[{"href":"https:\/\/mparnature.fr\/index.php\/wp-json\/wp\/v2\/types\/product"}],"replies":[{"embeddable":true,"href":"https:\/\/mparnature.fr\/index.php\/wp-json\/wp\/v2\/comments?post=5564"}],"version-history":[{"count":6,"href":"https:\/\/mparnature.fr\/index.php\/wp-json\/wp\/v2\/product\/5564\/revisions"}],"predecessor-version":[{"id":6225,"href":"https:\/\/mparnature.fr\/index.php\/wp-json\/wp\/v2\/product\/5564\/revisions\/6225"}],"wp:featuredmedia":[{"embeddable":true,"href":"https:\/\/mparnature.fr\/index.php\/wp-json\/wp\/v2\/media\/6298"}],"wp:attachment":[{"href":"https:\/\/mparnature.fr\/index.php\/wp-json\/wp\/v2\/media?parent=5564"}],"wp:term":[{"taxonomy":"product_brand","embeddable":true,"href":"https:\/\/mparnature.fr\/index.php\/wp-json\/wp\/v2\/product_brand?post=5564"},{"taxonomy":"product_cat","embeddable":true,"href":"https:\/\/mparnature.fr\/index.php\/wp-json\/wp\/v2\/product_cat?post=5564"},{"taxonomy":"product_tag","embeddable":true,"href":"https:\/\/mparnature.fr\/index.php\/wp-json\/wp\/v2\/product_tag?post=5564"}],"curies":[{"name":"wp","href":"https:\/\/api.w.org\/{rel}","templated":true}]}}