{"id":5055,"date":"2024-09-07T19:11:54","date_gmt":"2024-09-07T17:11:54","guid":{"rendered":"https:\/\/mparnature.fr\/?post_type=product&#038;p=5055"},"modified":"2026-02-09T11:30:07","modified_gmt":"2026-02-09T10:30:07","slug":"spray-parfume","status":"publish","type":"product","link":"https:\/\/mparnature.fr\/index.php\/produit\/spray-parfume\/","title":{"rendered":"Spray Parfum\u00e9"},"content":{"rendered":"","protected":false},"excerpt":{"rendered":"<p>Spray parfum\u00e9 naturel de 100ml adapt\u00e9 \u00e0 toutes les pi\u00e8ces et textiles. Une diffusion rapide conforme \u00e0 vos d\u00e9sirs sur une p\u00e9riode s&rsquo;\u00e9talant sur plusieurs jours.<\/p>\n","protected":false},"featured_media":6357,"comment_status":"open","ping_status":"closed","template":"","meta":{"jetpack_post_was_ever_published":false},"product_brand":[],"product_cat":[99,77],"product_tag":[],"class_list":{"0":"post-5055","1":"product","2":"type-product","3":"status-publish","4":"has-post-thumbnail","6":"product_cat-entretien-du-textile","7":"product_cat-parfum-menager","9":"first","10":"instock","11":"shipping-taxable","12":"purchasable","13":"product-type-variable"},"aioseo_notices":[],"jetpack-related-posts":[],"jetpack_sharing_enabled":true,"_links":{"self":[{"href":"https:\/\/mparnature.fr\/index.php\/wp-json\/wp\/v2\/product\/5055","targetHints":{"allow":["GET"]}}],"collection":[{"href":"https:\/\/mparnature.fr\/index.php\/wp-json\/wp\/v2\/product"}],"about":[{"href":"https:\/\/mparnature.fr\/index.php\/wp-json\/wp\/v2\/types\/product"}],"replies":[{"embeddable":true,"href":"https:\/\/mparnature.fr\/index.php\/wp-json\/wp\/v2\/comments?post=5055"}],"version-history":[{"count":7,"href":"https:\/\/mparnature.fr\/index.php\/wp-json\/wp\/v2\/product\/5055\/revisions"}],"predecessor-version":[{"id":5073,"href":"https:\/\/mparnature.fr\/index.php\/wp-json\/wp\/v2\/product\/5055\/revisions\/5073"}],"wp:featuredmedia":[{"embeddable":true,"href":"https:\/\/mparnature.fr\/index.php\/wp-json\/wp\/v2\/media\/6357"}],"wp:attachment":[{"href":"https:\/\/mparnature.fr\/index.php\/wp-json\/wp\/v2\/media?parent=5055"}],"wp:term":[{"taxonomy":"product_brand","embeddable":true,"href":"https:\/\/mparnature.fr\/index.php\/wp-json\/wp\/v2\/product_brand?post=5055"},{"taxonomy":"product_cat","embeddable":true,"href":"https:\/\/mparnature.fr\/index.php\/wp-json\/wp\/v2\/product_cat?post=5055"},{"taxonomy":"product_tag","embeddable":true,"href":"https:\/\/mparnature.fr\/index.php\/wp-json\/wp\/v2\/product_tag?post=5055"}],"curies":[{"name":"wp","href":"https:\/\/api.w.org\/{rel}","templated":true}]}}