{"id":4907,"date":"2024-08-24T18:35:44","date_gmt":"2024-08-24T16:35:44","guid":{"rendered":"https:\/\/mparnature.fr\/?post_type=product&#038;p=4907"},"modified":"2026-02-09T11:29:11","modified_gmt":"2026-02-09T10:29:11","slug":"poudre-d-aspirateur","status":"publish","type":"product","link":"https:\/\/mparnature.fr\/index.php\/produit\/poudre-d-aspirateur\/","title":{"rendered":"Poudre d&rsquo;Aspirateur"},"content":{"rendered":"","protected":false},"excerpt":{"rendered":"<p>Ressentez le plaisir d&rsquo;un int\u00e9rieur fra\u00eechement parfum\u00e9 gr\u00e2ce \u00e0 cette poudre d&rsquo;aspirateur.<br \/>\nCette poudre que nous avons formul\u00e9e ne contient que des ingr\u00e9dients naturels et sains, et est d\u00e9pourvue de tout produit canc\u00e9rig\u00e8ne, mutag\u00e8ne ou reprotoxique. Vous pouvez l\u2019utiliser avec tous les types d\u2019aspirateurs.<\/p>\n","protected":false},"featured_media":6358,"comment_status":"open","ping_status":"closed","template":"","meta":{"jetpack_post_was_ever_published":false},"product_brand":[],"product_cat":[99,77,100],"product_tag":[],"class_list":{"0":"post-4907","1":"product","2":"type-product","3":"status-publish","4":"has-post-thumbnail","6":"product_cat-entretien-du-textile","7":"product_cat-parfum-menager","8":"product_cat-poudre-daspirateur","10":"first","11":"instock","12":"shipping-taxable","13":"purchasable","14":"product-type-variable"},"aioseo_notices":[],"jetpack-related-posts":[],"jetpack_sharing_enabled":true,"_links":{"self":[{"href":"https:\/\/mparnature.fr\/index.php\/wp-json\/wp\/v2\/product\/4907","targetHints":{"allow":["GET"]}}],"collection":[{"href":"https:\/\/mparnature.fr\/index.php\/wp-json\/wp\/v2\/product"}],"about":[{"href":"https:\/\/mparnature.fr\/index.php\/wp-json\/wp\/v2\/types\/product"}],"replies":[{"embeddable":true,"href":"https:\/\/mparnature.fr\/index.php\/wp-json\/wp\/v2\/comments?post=4907"}],"version-history":[{"count":6,"href":"https:\/\/mparnature.fr\/index.php\/wp-json\/wp\/v2\/product\/4907\/revisions"}],"predecessor-version":[{"id":5973,"href":"https:\/\/mparnature.fr\/index.php\/wp-json\/wp\/v2\/product\/4907\/revisions\/5973"}],"wp:featuredmedia":[{"embeddable":true,"href":"https:\/\/mparnature.fr\/index.php\/wp-json\/wp\/v2\/media\/6358"}],"wp:attachment":[{"href":"https:\/\/mparnature.fr\/index.php\/wp-json\/wp\/v2\/media?parent=4907"}],"wp:term":[{"taxonomy":"product_brand","embeddable":true,"href":"https:\/\/mparnature.fr\/index.php\/wp-json\/wp\/v2\/product_brand?post=4907"},{"taxonomy":"product_cat","embeddable":true,"href":"https:\/\/mparnature.fr\/index.php\/wp-json\/wp\/v2\/product_cat?post=4907"},{"taxonomy":"product_tag","embeddable":true,"href":"https:\/\/mparnature.fr\/index.php\/wp-json\/wp\/v2\/product_tag?post=4907"}],"curies":[{"name":"wp","href":"https:\/\/api.w.org\/{rel}","templated":true}]}}