{"id":4507,"date":"2024-08-13T22:05:30","date_gmt":"2024-08-13T20:05:30","guid":{"rendered":"https:\/\/mparnature.fr\/?post_type=product&#038;p=4507"},"modified":"2025-12-12T17:47:34","modified_gmt":"2025-12-12T16:47:34","slug":"savon-sans-parfum","status":"publish","type":"product","link":"https:\/\/mparnature.fr\/index.php\/produit\/savon-sans-parfum\/","title":{"rendered":"Le Parnature"},"content":{"rendered":"","protected":false},"excerpt":{"rendered":"<p>Avec ses 100 grammes, ce savon sans parfum est parfait pour les enfants en bas \u00e2ge et les peaux tr\u00e8s r\u00e9actives. Gr\u00e2ce \u00e0 l&rsquo;ajout de cire d&rsquo;abeille, il est efficace contre les rougeurs de la peau.<\/p>\n<hr \/>\n<ul>\n<li>Saponifi\u00e9 \u00e0 froid, surgras \u00e0 7%<\/li>\n<li>Favorise la cicatrisation de la peau<\/li>\n<li>R\u00e9gulateur de s\u00e9bum<\/li>\n<li>Lutte contre l&rsquo;ecz\u00e9ma et le psoriasis<\/li>\n<li>Adouci les peaux s\u00e8ches, irrit\u00e9es ou craquel\u00e9es<\/li>\n<li>Soin anti-age<\/li>\n<li>Sans sensation de tiraillement<\/li>\n<\/ul>\n<hr \/>\n<p>Pour prendre soin de votre corps et de votre visage, optez pour ce savon d\u00e9pourvu de parfum et d&rsquo;allerg\u00e8nes.<\/p>\n","protected":false},"featured_media":6299,"comment_status":"open","ping_status":"closed","template":"","meta":{"jetpack_post_was_ever_published":false},"product_brand":[],"product_cat":[88,47,49,48,46,89,45,44,50,82],"product_tag":[57],"class_list":{"0":"post-4507","1":"product","2":"type-product","3":"status-publish","4":"has-post-thumbnail","6":"product_cat-eczema","7":"product_cat-peau-grasse","8":"product_cat-peau-mature","9":"product_cat-peau-seche","10":"product_cat-peau-sensible","11":"product_cat-psoriasis","12":"product_cat-sans-allergene","13":"product_cat-sans-parfum","14":"product_cat-savon-enfant","15":"product_cat-savon-pour-homme","16":"product_tag-sans-parfum","18":"first","19":"instock","20":"shipping-taxable","21":"purchasable","22":"product-type-simple"},"aioseo_notices":[],"jetpack-related-posts":[],"jetpack_sharing_enabled":true,"_links":{"self":[{"href":"https:\/\/mparnature.fr\/index.php\/wp-json\/wp\/v2\/product\/4507","targetHints":{"allow":["GET"]}}],"collection":[{"href":"https:\/\/mparnature.fr\/index.php\/wp-json\/wp\/v2\/product"}],"about":[{"href":"https:\/\/mparnature.fr\/index.php\/wp-json\/wp\/v2\/types\/product"}],"replies":[{"embeddable":true,"href":"https:\/\/mparnature.fr\/index.php\/wp-json\/wp\/v2\/comments?post=4507"}],"version-history":[{"count":10,"href":"https:\/\/mparnature.fr\/index.php\/wp-json\/wp\/v2\/product\/4507\/revisions"}],"predecessor-version":[{"id":5791,"href":"https:\/\/mparnature.fr\/index.php\/wp-json\/wp\/v2\/product\/4507\/revisions\/5791"}],"wp:featuredmedia":[{"embeddable":true,"href":"https:\/\/mparnature.fr\/index.php\/wp-json\/wp\/v2\/media\/6299"}],"wp:attachment":[{"href":"https:\/\/mparnature.fr\/index.php\/wp-json\/wp\/v2\/media?parent=4507"}],"wp:term":[{"taxonomy":"product_brand","embeddable":true,"href":"https:\/\/mparnature.fr\/index.php\/wp-json\/wp\/v2\/product_brand?post=4507"},{"taxonomy":"product_cat","embeddable":true,"href":"https:\/\/mparnature.fr\/index.php\/wp-json\/wp\/v2\/product_cat?post=4507"},{"taxonomy":"product_tag","embeddable":true,"href":"https:\/\/mparnature.fr\/index.php\/wp-json\/wp\/v2\/product_tag?post=4507"}],"curies":[{"name":"wp","href":"https:\/\/api.w.org\/{rel}","templated":true}]}}