{"id":3110,"date":"2024-06-11T21:41:23","date_gmt":"2024-06-11T19:41:23","guid":{"rendered":"https:\/\/mparnature.fr\/?post_type=product&#038;p=3110"},"modified":"2026-02-09T11:25:41","modified_gmt":"2026-02-09T10:25:41","slug":"savon-menager","status":"publish","type":"product","link":"https:\/\/mparnature.fr\/index.php\/produit\/savon-menager\/","title":{"rendered":"F\u00e9e le M\u00e9nage"},"content":{"rendered":"","protected":false},"excerpt":{"rendered":"<p>Ce savon m\u00e9nager de 200 Gr est f\u00e9\u00e9rique pour l&rsquo;entretien de toute votre maison !<\/p>\n<p>Du linge au nettoyage de votre cuisine et de votre salle de bain, du sol au plafond, il savonne toute la maison.<br \/>\nId\u00e9al pour d\u00e9tacher les taches tenaces sur vos textiles (herbes, feutre, graisse, chocolat, sauce tomate&#8230;).<\/p>\n<p>Laissez-vous enivrer par cette fragrance florale et hesp\u00e9rid\u00e9e qui \u00e9voque un jardin luxuriant, o\u00f9 chaque note de magnolia en fleur vous transporte dans un v\u00e9ritable havre de paix.<\/p>\n","protected":false},"featured_media":6359,"comment_status":"open","ping_status":"closed","template":"","meta":{"jetpack_post_was_ever_published":false},"product_brand":[],"product_cat":[99,98,101,59],"product_tag":[86,75],"class_list":{"0":"post-3110","1":"product","2":"type-product","3":"status-publish","4":"has-post-thumbnail","6":"product_cat-entretien-du-textile","7":"product_cat-produit-dentretien","8":"product_cat-produit-vaisselle","9":"product_cat-savon-menager","10":"product_tag-magnolia","11":"product_tag-savon-menager","13":"first","14":"instock","15":"shipping-taxable","16":"purchasable","17":"product-type-simple"},"aioseo_notices":[],"jetpack-related-posts":[],"jetpack_sharing_enabled":true,"_links":{"self":[{"href":"https:\/\/mparnature.fr\/index.php\/wp-json\/wp\/v2\/product\/3110","targetHints":{"allow":["GET"]}}],"collection":[{"href":"https:\/\/mparnature.fr\/index.php\/wp-json\/wp\/v2\/product"}],"about":[{"href":"https:\/\/mparnature.fr\/index.php\/wp-json\/wp\/v2\/types\/product"}],"replies":[{"embeddable":true,"href":"https:\/\/mparnature.fr\/index.php\/wp-json\/wp\/v2\/comments?post=3110"}],"version-history":[{"count":14,"href":"https:\/\/mparnature.fr\/index.php\/wp-json\/wp\/v2\/product\/3110\/revisions"}],"predecessor-version":[{"id":5714,"href":"https:\/\/mparnature.fr\/index.php\/wp-json\/wp\/v2\/product\/3110\/revisions\/5714"}],"wp:featuredmedia":[{"embeddable":true,"href":"https:\/\/mparnature.fr\/index.php\/wp-json\/wp\/v2\/media\/6359"}],"wp:attachment":[{"href":"https:\/\/mparnature.fr\/index.php\/wp-json\/wp\/v2\/media?parent=3110"}],"wp:term":[{"taxonomy":"product_brand","embeddable":true,"href":"https:\/\/mparnature.fr\/index.php\/wp-json\/wp\/v2\/product_brand?post=3110"},{"taxonomy":"product_cat","embeddable":true,"href":"https:\/\/mparnature.fr\/index.php\/wp-json\/wp\/v2\/product_cat?post=3110"},{"taxonomy":"product_tag","embeddable":true,"href":"https:\/\/mparnature.fr\/index.php\/wp-json\/wp\/v2\/product_tag?post=3110"}],"curies":[{"name":"wp","href":"https:\/\/api.w.org\/{rel}","templated":true}]}}