{"id":5425,"date":"2024-10-20T16:36:35","date_gmt":"2024-10-20T14:36:35","guid":{"rendered":"https:\/\/mparnature.fr\/?page_id=5425"},"modified":"2024-10-20T16:38:58","modified_gmt":"2024-10-20T14:38:58","slug":"politique-de-la-boutique-en-ligne","status":"publish","type":"page","link":"https:\/\/mparnature.fr\/index.php\/politique-de-la-boutique-en-ligne\/","title":{"rendered":"Politique de la boutique en ligne"},"content":{"rendered":"\t\t<div data-elementor-type=\"wp-page\" data-elementor-id=\"5425\" class=\"elementor elementor-5425\">\n\t\t\t\t<div class=\"elementor-element elementor-element-1189dc2 e-con-full e-flex wpr-particle-no wpr-jarallax-no wpr-parallax-no wpr-sticky-section-no e-con e-parent\" data-id=\"1189dc2\" data-element_type=\"container\">\n\t\t\t\t<div class=\"elementor-element elementor-element-90426de elementor-widget elementor-widget-text-editor\" data-id=\"90426de\" data-element_type=\"widget\" data-widget_type=\"text-editor.default\">\n\t\t\t\t<div class=\"elementor-widget-container\">\n\t\t\t\t\t\t\t\t\t<p>1- Politique de traitement et de livraison<\/p><p>Nos d\u00e9lais de traitement de commandes sont de\u00a01 \u00e0 4 jours, Ces d\u00e9lais sont susceptibles de s\u2019allonger en cas de fortes affluences. La livraison sera effectu\u00e9e en\u00a0France m\u00e9tropolitaine\u00a0par Colissimo, Mondial relay ou Chronopost en fonction de votre choix lors de la commande. Les d\u00e9lais de livraisons sont de\u00a03 \u00e0 5 jours ouvr\u00e9s.\u00a0 Les d\u00e9lais peuvent \u00e9galement \u00eatre augment\u00e9s, m\u00eame s\u2019ils mettent tout en\u00a0\u0153uvre pour livrer dans les d\u00e9lais.<\/p><p>2- Conditions de retour<br \/>Vous disposez d\u2019un d\u00e9lai de\u00a014 jours\u00a0\u00e0 compter de la date de livraison de votre commande, pour retourner l\u2019article qui ne vous convient pas. Vous pouvez dans ce cas-l\u00e0 demander l\u2019\u00e9change ou le remboursement sans p\u00e9nalit\u00e9, \u00e0 l\u2019exception des frais de retour qui restent \u00e0 votre charge.\u00a0Les retours sont \u00e0 effectuer dans leur\u00a0\u00e9tat d\u2019origine\u00a0et complets (emballage, tous les produits d\u2019un lot, notice \u2026) permettant leur recommercialisation \u00e0 l\u2019\u00e9tat neuf.\u00a0Les produits endommag\u00e9s, salis ou incomplets ne sont\u00a0pas repris.<\/p><p>3- Garanties des savons<\/p><p>Des produits de qualit\u00e9 faits avec amour dans l\u2019Oise\u00a0\u00e0 base d\u2019ingr\u00e9dients\u00a0<span class=\"wixui-rich-text__text\">nobles, biologiques et locaux\u00a0<\/span>quant, c\u2019est possible. Des savons issus du proc\u00e9d\u00e9 ancestral qu\u2019est la\u00a0<span class=\"wixui-rich-text__text\">saponification \u00e0 froid<\/span>. Une marque qui limite ses d\u00e9chets avec des packagings minimalistes et recyclables. Les packagings d\u2019exp\u00e9ditions sont \u00e9galement compl\u00e8tement\u00a0<span class=\"wixui-rich-text__text\">recyclables<\/span>.<\/p>\t\t\t\t\t\t\t\t<\/div>\n\t\t\t\t<\/div>\n\t\t\t\t<\/div>\n\t\t\t\t<\/div>\n\t\t","protected":false},"excerpt":{"rendered":"<p>1- Politique de traitement et de livraison Nos d\u00e9lais de traitement de commandes sont de\u00a01 \u00e0 4 jours, Ces d\u00e9lais sont susceptibles de s\u2019allonger en cas de fortes affluences. La livraison sera effectu\u00e9e en\u00a0France m\u00e9tropolitaine\u00a0par Colissimo, Mondial relay ou Chronopost en fonction de votre choix lors de la commande. Les d\u00e9lais de livraisons sont de\u00a03 \u00e0 5 jours ouvr\u00e9s.\u00a0 Les d\u00e9lais peuvent \u00e9galement \u00eatre augment\u00e9s, m\u00eame s\u2019ils mettent tout en\u00a0\u0153uvre pour livrer dans les d\u00e9lais. 2- Conditions de retourVous disposez d\u2019un d\u00e9lai de\u00a014 jours\u00a0\u00e0 compter de la date de livraison de votre commande, pour retourner l\u2019article qui ne vous convient pas. Vous pouvez dans ce cas-l\u00e0 demander l\u2019\u00e9change ou le remboursement sans p\u00e9nalit\u00e9, \u00e0 l\u2019exception des frais de retour qui restent \u00e0 votre charge.\u00a0Les retours sont \u00e0 effectuer dans leur\u00a0\u00e9tat d\u2019origine\u00a0et complets (emballage, tous les produits d\u2019un lot, notice \u2026) permettant leur recommercialisation \u00e0 l\u2019\u00e9tat neuf.\u00a0Les produits endommag\u00e9s, salis ou incomplets ne sont\u00a0pas repris. 3- Garanties des savons Des produits de qualit\u00e9 faits avec amour dans l\u2019Oise\u00a0\u00e0 base d\u2019ingr\u00e9dients\u00a0nobles, biologiques et locaux\u00a0quant, c\u2019est possible. Des savons issus du proc\u00e9d\u00e9 ancestral qu\u2019est la\u00a0saponification \u00e0 froid. Une marque qui limite ses d\u00e9chets avec des packagings minimalistes et recyclables. Les packagings d\u2019exp\u00e9ditions sont \u00e9galement compl\u00e8tement\u00a0recyclables.<\/p>\n","protected":false},"author":1,"featured_media":0,"parent":0,"menu_order":0,"comment_status":"closed","ping_status":"closed","template":"","meta":{"jetpack_post_was_ever_published":false,"footnotes":""},"class_list":["post-5425","page","type-page","status-publish","hentry"],"aioseo_notices":[],"jetpack-related-posts":[],"jetpack_sharing_enabled":true,"_links":{"self":[{"href":"https:\/\/mparnature.fr\/index.php\/wp-json\/wp\/v2\/pages\/5425","targetHints":{"allow":["GET"]}}],"collection":[{"href":"https:\/\/mparnature.fr\/index.php\/wp-json\/wp\/v2\/pages"}],"about":[{"href":"https:\/\/mparnature.fr\/index.php\/wp-json\/wp\/v2\/types\/page"}],"author":[{"embeddable":true,"href":"https:\/\/mparnature.fr\/index.php\/wp-json\/wp\/v2\/users\/1"}],"replies":[{"embeddable":true,"href":"https:\/\/mparnature.fr\/index.php\/wp-json\/wp\/v2\/comments?post=5425"}],"version-history":[{"count":4,"href":"https:\/\/mparnature.fr\/index.php\/wp-json\/wp\/v2\/pages\/5425\/revisions"}],"predecessor-version":[{"id":5429,"href":"https:\/\/mparnature.fr\/index.php\/wp-json\/wp\/v2\/pages\/5425\/revisions\/5429"}],"wp:attachment":[{"href":"https:\/\/mparnature.fr\/index.php\/wp-json\/wp\/v2\/media?parent=5425"}],"curies":[{"name":"wp","href":"https:\/\/api.w.org\/{rel}","templated":true}]}}