{"id":2365,"date":"2024-05-18T02:22:46","date_gmt":"2024-05-18T00:22:46","guid":{"rendered":"https:\/\/mparnature.fr\/?page_id=2365"},"modified":"2024-11-16T09:21:12","modified_gmt":"2024-11-16T08:21:12","slug":"mon-programme-fidelite","status":"publish","type":"page","link":"https:\/\/mparnature.fr\/index.php\/mon-programme-fidelite\/","title":{"rendered":"Mon Programme Fid\u00e9lit\u00e9"},"content":{"rendered":"\t\t<div data-elementor-type=\"wp-page\" data-elementor-id=\"2365\" class=\"elementor elementor-2365\">\n\t\t\t\t<div class=\"elementor-element elementor-element-a83055f e-con-full e-flex wpr-particle-no wpr-jarallax-no wpr-parallax-no wpr-sticky-section-no e-con e-parent\" data-id=\"a83055f\" data-element_type=\"container\" data-settings=\"{&quot;background_background&quot;:&quot;classic&quot;,&quot;shape_divider_bottom&quot;:&quot;curve&quot;,&quot;shape_divider_bottom_negative&quot;:&quot;yes&quot;}\">\n\t\t\t\t<div class=\"elementor-shape elementor-shape-bottom\" data-negative=\"true\">\n\t\t\t<svg xmlns=\"http:\/\/www.w3.org\/2000\/svg\" viewBox=\"0 0 1000 100\" preserveAspectRatio=\"none\">\n\t<path class=\"elementor-shape-fill\" d=\"M500,97C126.7,96.3,0.8,19.8,0,0v100l1000,0V1C1000,19.4,873.3,97.8,500,97z\"\/>\n<\/svg>\t\t<\/div>\n\t\t\t\t<div class=\"elementor-element elementor-element-7a766c1c elementor-widget elementor-widget-heading\" data-id=\"7a766c1c\" data-element_type=\"widget\" data-widget_type=\"heading.default\">\n\t\t\t\t<div class=\"elementor-widget-container\">\n\t\t\t\t\t<h1 class=\"elementor-heading-title elementor-size-default\">Bienvenue sur votre espace personnel<\/h1>\t\t\t\t<\/div>\n\t\t\t\t<\/div>\n\t\t\t\t<div class=\"elementor-element elementor-element-574ddfd9 elementor-widget elementor-widget-heading\" data-id=\"574ddfd9\" data-element_type=\"widget\" data-widget_type=\"heading.default\">\n\t\t\t\t<div class=\"elementor-widget-container\">\n\t\t\t\t\t<p class=\"elementor-heading-title elementor-size-default\">Que souhaitez-vous faire ?<\/p>\t\t\t\t<\/div>\n\t\t\t\t<\/div>\n\t\t\t\t<\/div>\n\t\t<div class=\"elementor-element elementor-element-1041dfdd e-con-full e-flex wpr-particle-no wpr-jarallax-no wpr-parallax-no wpr-sticky-section-no e-con e-parent\" data-id=\"1041dfdd\" data-element_type=\"container\">\n\t\t<div class=\"elementor-element elementor-element-5a996562 e-con-full e-flex wpr-particle-no wpr-jarallax-no wpr-parallax-no wpr-sticky-section-no e-con e-child\" data-id=\"5a996562\" data-element_type=\"container\">\n\t\t\t\t<div class=\"elementor-element elementor-element-38918bd9 e-transform elementor-view-default elementor-position-top elementor-mobile-position-top elementor-widget elementor-widget-icon-box\" data-id=\"38918bd9\" data-element_type=\"widget\" data-settings=\"{&quot;_transform_scale_effect_hover&quot;:{&quot;unit&quot;:&quot;px&quot;,&quot;size&quot;:1.1,&quot;sizes&quot;:[]},&quot;_transform_scale_effect_hover_tablet&quot;:{&quot;unit&quot;:&quot;px&quot;,&quot;size&quot;:&quot;&quot;,&quot;sizes&quot;:[]},&quot;_transform_scale_effect_hover_mobile&quot;:{&quot;unit&quot;:&quot;px&quot;,&quot;size&quot;:&quot;&quot;,&quot;sizes&quot;:[]}}\" data-widget_type=\"icon-box.default\">\n\t\t\t\t<div class=\"elementor-widget-container\">\n\t\t\t\t\t\t\t<div class=\"elementor-icon-box-wrapper\">\n\n\t\t\t\t\t\t<div class=\"elementor-icon-box-icon\">\n\t\t\t\t<a href=\"https:\/\/mparnature.fr\/index.php\/mon-compte\/orders\/\" class=\"elementor-icon elementor-animation-\" tabindex=\"-1\">\n\t\t\t\t<svg aria-hidden=\"true\" class=\"e-font-icon-svg e-fas-shopping-bag\" viewBox=\"0 0 448 512\" xmlns=\"http:\/\/www.w3.org\/2000\/svg\"><path d=\"M352 160v-32C352 57.42 294.579 0 224 0 153.42 0 96 57.42 96 128v32H0v272c0 44.183 35.817 80 80 80h288c44.183 0 80-35.817 80-80V160h-96zm-192-32c0-35.29 28.71-64 64-64s64 28.71 64 64v32H160v-32zm160 120c-13.255 0-24-10.745-24-24s10.745-24 24-24 24 10.745 24 24-10.745 24-24 24zm-192 0c-13.255 0-24-10.745-24-24s10.745-24 24-24 24 10.745 24 24-10.745 24-24 24z\"><\/path><\/svg>\t\t\t\t<\/a>\n\t\t\t<\/div>\n\t\t\t\n\t\t\t\t\t\t<div class=\"elementor-icon-box-content\">\n\n\t\t\t\t\t\t\t\t\t<h3 class=\"elementor-icon-box-title\">\n\t\t\t\t\t\t<a href=\"https:\/\/mparnature.fr\/index.php\/mon-compte\/orders\/\" >\n\t\t\t\t\t\t\tMes Commandes\t\t\t\t\t\t<\/a>\n\t\t\t\t\t<\/h3>\n\t\t\t\t\n\t\t\t\t\n\t\t\t<\/div>\n\t\t\t\n\t\t<\/div>\n\t\t\t\t\t\t<\/div>\n\t\t\t\t<\/div>\n\t\t\t\t<\/div>\n\t\t<div class=\"elementor-element elementor-element-42aa7c25 e-con-full e-flex wpr-particle-no wpr-jarallax-no wpr-parallax-no wpr-sticky-section-no e-con e-child\" data-id=\"42aa7c25\" data-element_type=\"container\">\n\t\t\t\t<div class=\"elementor-element elementor-element-14db4e52 e-transform elementor-view-default elementor-position-top elementor-mobile-position-top elementor-widget elementor-widget-icon-box\" data-id=\"14db4e52\" data-element_type=\"widget\" data-settings=\"{&quot;_transform_scale_effect_hover&quot;:{&quot;unit&quot;:&quot;px&quot;,&quot;size&quot;:1.1,&quot;sizes&quot;:[]},&quot;_transform_scale_effect_hover_tablet&quot;:{&quot;unit&quot;:&quot;px&quot;,&quot;size&quot;:&quot;&quot;,&quot;sizes&quot;:[]},&quot;_transform_scale_effect_hover_mobile&quot;:{&quot;unit&quot;:&quot;px&quot;,&quot;size&quot;:&quot;&quot;,&quot;sizes&quot;:[]}}\" data-widget_type=\"icon-box.default\">\n\t\t\t\t<div class=\"elementor-widget-container\">\n\t\t\t\t\t\t\t<div class=\"elementor-icon-box-wrapper\">\n\n\t\t\t\t\t\t<div class=\"elementor-icon-box-icon\">\n\t\t\t\t<a href=\"https:\/\/mparnature.fr\/index.php\/mon-programme-fidelite\/\" class=\"elementor-icon elementor-animation-\" tabindex=\"-1\">\n\t\t\t\t<svg aria-hidden=\"true\" class=\"e-font-icon-svg e-fas-user-plus\" viewBox=\"0 0 640 512\" xmlns=\"http:\/\/www.w3.org\/2000\/svg\"><path d=\"M624 208h-64v-64c0-8.8-7.2-16-16-16h-32c-8.8 0-16 7.2-16 16v64h-64c-8.8 0-16 7.2-16 16v32c0 8.8 7.2 16 16 16h64v64c0 8.8 7.2 16 16 16h32c8.8 0 16-7.2 16-16v-64h64c8.8 0 16-7.2 16-16v-32c0-8.8-7.2-16-16-16zm-400 48c70.7 0 128-57.3 128-128S294.7 0 224 0 96 57.3 96 128s57.3 128 128 128zm89.6 32h-16.7c-22.2 10.2-46.9 16-72.9 16s-50.6-5.8-72.9-16h-16.7C60.2 288 0 348.2 0 422.4V464c0 26.5 21.5 48 48 48h352c26.5 0 48-21.5 48-48v-41.6c0-74.2-60.2-134.4-134.4-134.4z\"><\/path><\/svg>\t\t\t\t<\/a>\n\t\t\t<\/div>\n\t\t\t\n\t\t\t\t\t\t<div class=\"elementor-icon-box-content\">\n\n\t\t\t\t\t\t\t\t\t<h3 class=\"elementor-icon-box-title\">\n\t\t\t\t\t\t<a href=\"https:\/\/mparnature.fr\/index.php\/mon-programme-fidelite\/\" >\n\t\t\t\t\t\t\tPoints Fid\u00e9lit\u00e9s\t\t\t\t\t\t<\/a>\n\t\t\t\t\t<\/h3>\n\t\t\t\t\n\t\t\t\t\n\t\t\t<\/div>\n\t\t\t\n\t\t<\/div>\n\t\t\t\t\t\t<\/div>\n\t\t\t\t<\/div>\n\t\t\t\t<\/div>\n\t\t<div class=\"elementor-element elementor-element-5b03f47e e-con-full e-flex wpr-particle-no wpr-jarallax-no wpr-parallax-no wpr-sticky-section-no e-con e-child\" data-id=\"5b03f47e\" data-element_type=\"container\">\n\t\t\t\t<div class=\"elementor-element elementor-element-3e2930d1 e-transform elementor-view-default elementor-position-top elementor-mobile-position-top elementor-widget elementor-widget-icon-box\" data-id=\"3e2930d1\" data-element_type=\"widget\" data-settings=\"{&quot;_transform_scale_effect_hover&quot;:{&quot;unit&quot;:&quot;px&quot;,&quot;size&quot;:1.1,&quot;sizes&quot;:[]},&quot;_transform_scale_effect_hover_tablet&quot;:{&quot;unit&quot;:&quot;px&quot;,&quot;size&quot;:&quot;&quot;,&quot;sizes&quot;:[]},&quot;_transform_scale_effect_hover_mobile&quot;:{&quot;unit&quot;:&quot;px&quot;,&quot;size&quot;:&quot;&quot;,&quot;sizes&quot;:[]}}\" data-widget_type=\"icon-box.default\">\n\t\t\t\t<div class=\"elementor-widget-container\">\n\t\t\t\t\t\t\t<div class=\"elementor-icon-box-wrapper\">\n\n\t\t\t\t\t\t<div class=\"elementor-icon-box-icon\">\n\t\t\t\t<a href=\"https:\/\/mparnature.fr\/index.php\/mon-compte\/edit-account\/\" class=\"elementor-icon elementor-animation-\" tabindex=\"-1\">\n\t\t\t\t<svg aria-hidden=\"true\" class=\"e-font-icon-svg e-far-address-book\" viewBox=\"0 0 448 512\" xmlns=\"http:\/\/www.w3.org\/2000\/svg\"><path d=\"M436 160c6.6 0 12-5.4 12-12v-40c0-6.6-5.4-12-12-12h-20V48c0-26.5-21.5-48-48-48H48C21.5 0 0 21.5 0 48v416c0 26.5 21.5 48 48 48h320c26.5 0 48-21.5 48-48v-48h20c6.6 0 12-5.4 12-12v-40c0-6.6-5.4-12-12-12h-20v-64h20c6.6 0 12-5.4 12-12v-40c0-6.6-5.4-12-12-12h-20v-64h20zm-68 304H48V48h320v416zM208 256c35.3 0 64-28.7 64-64s-28.7-64-64-64-64 28.7-64 64 28.7 64 64 64zm-89.6 128h179.2c12.4 0 22.4-8.6 22.4-19.2v-19.2c0-31.8-30.1-57.6-67.2-57.6-10.8 0-18.7 8-44.8 8-26.9 0-33.4-8-44.8-8-37.1 0-67.2 25.8-67.2 57.6v19.2c0 10.6 10 19.2 22.4 19.2z\"><\/path><\/svg>\t\t\t\t<\/a>\n\t\t\t<\/div>\n\t\t\t\n\t\t\t\t\t\t<div class=\"elementor-icon-box-content\">\n\n\t\t\t\t\t\t\t\t\t<h3 class=\"elementor-icon-box-title\">\n\t\t\t\t\t\t<a href=\"https:\/\/mparnature.fr\/index.php\/mon-compte\/edit-account\/\" >\n\t\t\t\t\t\t\tMes Infos\t\t\t\t\t\t<\/a>\n\t\t\t\t\t<\/h3>\n\t\t\t\t\n\t\t\t\t\n\t\t\t<\/div>\n\t\t\t\n\t\t<\/div>\n\t\t\t\t\t\t<\/div>\n\t\t\t\t<\/div>\n\t\t\t\t<\/div>\n\t\t\t\t<\/div>\n\t\t<div class=\"elementor-element elementor-element-2690ea1 e-con-full e-flex wpr-particle-no wpr-jarallax-no wpr-parallax-no wpr-sticky-section-no e-con e-parent\" data-id=\"2690ea1\" data-element_type=\"container\">\n\t\t\t\t<div class=\"elementor-element elementor-element-158adc4 elementor-tabs-view-vertical elementor-widget elementor-widget-tabs\" data-id=\"158adc4\" data-element_type=\"widget\" data-widget_type=\"tabs.default\">\n\t\t\t\t<div class=\"elementor-widget-container\">\n\t\t\t\t\t\t\t<div class=\"elementor-tabs\">\n\t\t\t<div class=\"elementor-tabs-wrapper\" role=\"tablist\" >\n\t\t\t\t\t\t\t\t\t<div id=\"elementor-tab-title-2251\" class=\"elementor-tab-title elementor-tab-desktop-title\" aria-selected=\"true\" data-tab=\"1\" role=\"tab\" tabindex=\"0\" aria-controls=\"elementor-tab-content-2251\" aria-expanded=\"false\">Solde de vos points<\/div>\n\t\t\t\t\t\t\t\t\t<div id=\"elementor-tab-title-2252\" class=\"elementor-tab-title elementor-tab-desktop-title\" aria-selected=\"false\" data-tab=\"2\" role=\"tab\" tabindex=\"-1\" aria-controls=\"elementor-tab-content-2252\" aria-expanded=\"false\">Vos coupons<\/div>\n\t\t\t\t\t\t\t\t\t<div id=\"elementor-tab-title-2253\" class=\"elementor-tab-title elementor-tab-desktop-title\" aria-selected=\"false\" data-tab=\"3\" role=\"tab\" tabindex=\"-1\" aria-controls=\"elementor-tab-content-2253\" aria-expanded=\"false\">Parrainer vos proches<\/div>\n\t\t\t\t\t\t\t<\/div>\n\t\t\t<div class=\"elementor-tabs-content-wrapper\" role=\"tablist\" aria-orientation=\"vertical\">\n\t\t\t\t\t\t\t\t\t<div class=\"elementor-tab-title elementor-tab-mobile-title\" aria-selected=\"true\" data-tab=\"1\" role=\"tab\" tabindex=\"0\" aria-controls=\"elementor-tab-content-2251\" aria-expanded=\"false\">Solde de vos points<\/div>\n\t\t\t\t\t<div id=\"elementor-tab-content-2251\" class=\"elementor-tab-content elementor-clearfix\" data-tab=\"1\" role=\"tabpanel\" aria-labelledby=\"elementor-tab-title-2251\" tabindex=\"0\" hidden=\"false\"><p>Vous avez <\/p><\/div>\n\t\t\t\t\t\t\t\t\t<div class=\"elementor-tab-title elementor-tab-mobile-title\" aria-selected=\"false\" data-tab=\"2\" role=\"tab\" tabindex=\"-1\" aria-controls=\"elementor-tab-content-2252\" aria-expanded=\"false\">Vos coupons<\/div>\n\t\t\t\t\t<div id=\"elementor-tab-content-2252\" class=\"elementor-tab-content elementor-clearfix\" data-tab=\"2\" role=\"tabpanel\" aria-labelledby=\"elementor-tab-title-2252\" tabindex=\"0\" hidden=\"hidden\"><\/div>\n\t\t\t\t\t\t\t\t\t<div class=\"elementor-tab-title elementor-tab-mobile-title\" aria-selected=\"false\" data-tab=\"3\" role=\"tab\" tabindex=\"-1\" aria-controls=\"elementor-tab-content-2253\" aria-expanded=\"false\">Parrainer vos proches<\/div>\n\t\t\t\t\t<div id=\"elementor-tab-content-2253\" class=\"elementor-tab-content elementor-clearfix\" data-tab=\"3\" role=\"tabpanel\" aria-labelledby=\"elementor-tab-title-2253\" tabindex=\"0\" hidden=\"hidden\"><p>Pour parrainer, c&rsquo;est simple, copiez le lien ci-dessous et envoyez le par mail \u00e0 votre filleul <span style=\"text-decoration: underline;\">en le collant dans l&rsquo;<strong>objet<\/strong> de votre mail.<\/span> <br \/>Votre filleul clic dessus et s&rsquo;inscrit gratuitement. C&rsquo;est fait !<\/p><\/div>\n\t\t\t\t\t\t\t<\/div>\n\t\t<\/div>\n\t\t\t\t\t\t<\/div>\n\t\t\t\t<\/div>\n\t\t\t\t<\/div>\n\t\t<div class=\"elementor-element elementor-element-3f0d7d02 e-con-full e-flex wpr-particle-no wpr-jarallax-no wpr-parallax-no wpr-sticky-section-no e-con e-parent\" data-id=\"3f0d7d02\" data-element_type=\"container\">\n\t\t<div class=\"elementor-element elementor-element-638f0d16 e-con-full e-flex wpr-particle-no wpr-jarallax-no wpr-parallax-no wpr-sticky-section-no e-con e-child\" data-id=\"638f0d16\" data-element_type=\"container\">\n\t\t\t\t<div class=\"elementor-element elementor-element-14cccb47 elementor-align-right elementor-mobile-align-center elementor-widget elementor-widget-button\" data-id=\"14cccb47\" data-element_type=\"widget\" data-widget_type=\"button.default\">\n\t\t\t\t<div class=\"elementor-widget-container\">\n\t\t\t\t\t\t\t\t\t<div class=\"elementor-button-wrapper\">\n\t\t\t\t\t<a class=\"elementor-button elementor-button-link elementor-size-sm\" href=\"https:\/\/mparnature.fr\/index.php\/mon-compte\/edit-address\/\">\n\t\t\t\t\t\t<span class=\"elementor-button-content-wrapper\">\n\t\t\t\t\t\t<span class=\"elementor-button-icon\">\n\t\t\t\t<svg aria-hidden=\"true\" class=\"e-font-icon-svg e-fas-home\" viewBox=\"0 0 576 512\" xmlns=\"http:\/\/www.w3.org\/2000\/svg\"><path d=\"M280.37 148.26L96 300.11V464a16 16 0 0 0 16 16l112.06-.29a16 16 0 0 0 15.92-16V368a16 16 0 0 1 16-16h64a16 16 0 0 1 16 16v95.64a16 16 0 0 0 16 16.05L464 480a16 16 0 0 0 16-16V300L295.67 148.26a12.19 12.19 0 0 0-15.3 0zM571.6 251.47L488 182.56V44.05a12 12 0 0 0-12-12h-56a12 12 0 0 0-12 12v72.61L318.47 43a48 48 0 0 0-61 0L4.34 251.47a12 12 0 0 0-1.6 16.9l25.5 31A12 12 0 0 0 45.15 301l235.22-193.74a12.19 12.19 0 0 1 15.3 0L530.9 301a12 12 0 0 0 16.9-1.6l25.5-31a12 12 0 0 0-1.7-16.93z\"><\/path><\/svg>\t\t\t<\/span>\n\t\t\t\t\t\t\t\t\t<span class=\"elementor-button-text\">Modifier mon adresse<\/span>\n\t\t\t\t\t<\/span>\n\t\t\t\t\t<\/a>\n\t\t\t\t<\/div>\n\t\t\t\t\t\t\t\t<\/div>\n\t\t\t\t<\/div>\n\t\t\t\t<\/div>\n\t\t<div class=\"elementor-element elementor-element-8f7c9a7 e-con-full e-flex wpr-particle-no wpr-jarallax-no wpr-parallax-no wpr-sticky-section-no e-con e-child\" data-id=\"8f7c9a7\" data-element_type=\"container\">\n\t\t\t\t<div class=\"elementor-element elementor-element-7069eea3 elementor-align-left elementor-mobile-align-center elementor-widget elementor-widget-button\" data-id=\"7069eea3\" data-element_type=\"widget\" data-widget_type=\"button.default\">\n\t\t\t\t<div class=\"elementor-widget-container\">\n\t\t\t\t\t\t\t\t\t<div class=\"elementor-button-wrapper\">\n\t\t\t\t\t<a class=\"elementor-button elementor-button-link elementor-size-sm\" href=\"https:\/\/mparnature.fr\/index.php\/mon-compte\/customer-logout\">\n\t\t\t\t\t\t<span class=\"elementor-button-content-wrapper\">\n\t\t\t\t\t\t<span class=\"elementor-button-icon\">\n\t\t\t\t<svg aria-hidden=\"true\" class=\"e-font-icon-svg e-fas-sign-out-alt\" viewBox=\"0 0 512 512\" xmlns=\"http:\/\/www.w3.org\/2000\/svg\"><path d=\"M497 273L329 441c-15 15-41 4.5-41-17v-96H152c-13.3 0-24-10.7-24-24v-96c0-13.3 10.7-24 24-24h136V88c0-21.4 25.9-32 41-17l168 168c9.3 9.4 9.3 24.6 0 34zM192 436v-40c0-6.6-5.4-12-12-12H96c-17.7 0-32-14.3-32-32V160c0-17.7 14.3-32 32-32h84c6.6 0 12-5.4 12-12V76c0-6.6-5.4-12-12-12H96c-53 0-96 43-96 96v192c0 53 43 96 96 96h84c6.6 0 12-5.4 12-12z\"><\/path><\/svg>\t\t\t<\/span>\n\t\t\t\t\t\t\t\t\t<span class=\"elementor-button-text\">D\u00e9connection<\/span>\n\t\t\t\t\t<\/span>\n\t\t\t\t\t<\/a>\n\t\t\t\t<\/div>\n\t\t\t\t\t\t\t\t<\/div>\n\t\t\t\t<\/div>\n\t\t\t\t<\/div>\n\t\t\t\t<\/div>\n\t\t\t\t<\/div>\n\t\t","protected":false},"excerpt":{"rendered":"<p>Bienvenue sur votre espace personnel Que souhaitez-vous faire ? Mes Commandes Points Fid\u00e9lit\u00e9s Mes Infos Solde de vos points Vos coupons Parrainer vos proches Solde de vos points Vous avez 64 Points Syst\u00e8me de fid\u00e9lit\u00e9 Date Description Points Programme fid\u00e9lit\u00e9 1 septembre 2024 Code promo: fidmeff9fv -100 Programme fid\u00e9lit\u00e9 1 septembre 2024 Op\u00e9ration commerciale 100 Programme fid\u00e9lit\u00e9 1 septembre 2024 Code promo: fidmew29rh -100 Programme fid\u00e9lit\u00e9 1 septembre 2024 D\u00e9pens\u00e9 78,10&nbsp;&euro; dans la commande #5036 78 Programme fid\u00e9lit\u00e9 26 juillet 2024 Code promo: fidmebtqko -100 Programme fid\u00e9lit\u00e9 26 juillet 2024 D\u00e9pens\u00e9 97,70&nbsp;&euro; dans la commande #3635 97 Programme fid\u00e9lit\u00e9 22 juin 2024 Premi\u00e8re commande client # 3231 25 Programme fid\u00e9lit\u00e9 22 juin 2024 Code promo: fidmekfrhq -100 Programme fid\u00e9lit\u00e9 22 juin 2024 D\u00e9pens\u00e9 164,20&nbsp;&euro; dans la commande #3231 164 Vos coupons Parrainer vos proches Pour parrainer, c&#8217;est simple, copiez le lien ci-dessous et envoyez le par mail \u00e0 votre filleul en le collant dans l&#8217;objet de votre mail. Votre filleul clic dessus et s&#8217;inscrit gratuitement. C&#8217;est fait ! Mon compte Obtenez votre lien de parrainage Votre code a \u00e9t\u00e9 copi\u00e9 ! Modifier mon adresse D\u00e9connection<\/p>\n","protected":false},"author":1,"featured_media":0,"parent":0,"menu_order":0,"comment_status":"closed","ping_status":"closed","template":"elementor_header_footer","meta":{"jetpack_post_was_ever_published":false,"footnotes":""},"class_list":["post-2365","page","type-page","status-publish","hentry"],"aioseo_notices":[],"jetpack-related-posts":[],"jetpack_sharing_enabled":true,"_links":{"self":[{"href":"https:\/\/mparnature.fr\/index.php\/wp-json\/wp\/v2\/pages\/2365","targetHints":{"allow":["GET"]}}],"collection":[{"href":"https:\/\/mparnature.fr\/index.php\/wp-json\/wp\/v2\/pages"}],"about":[{"href":"https:\/\/mparnature.fr\/index.php\/wp-json\/wp\/v2\/types\/page"}],"author":[{"embeddable":true,"href":"https:\/\/mparnature.fr\/index.php\/wp-json\/wp\/v2\/users\/1"}],"replies":[{"embeddable":true,"href":"https:\/\/mparnature.fr\/index.php\/wp-json\/wp\/v2\/comments?post=2365"}],"version-history":[{"count":124,"href":"https:\/\/mparnature.fr\/index.php\/wp-json\/wp\/v2\/pages\/2365\/revisions"}],"predecessor-version":[{"id":5748,"href":"https:\/\/mparnature.fr\/index.php\/wp-json\/wp\/v2\/pages\/2365\/revisions\/5748"}],"wp:attachment":[{"href":"https:\/\/mparnature.fr\/index.php\/wp-json\/wp\/v2\/media?parent=2365"}],"curies":[{"name":"wp","href":"https:\/\/api.w.org\/{rel}","templated":true}]}}