{"id":11,"date":"2023-11-18T12:09:04","date_gmt":"2023-11-18T11:09:04","guid":{"rendered":"https:\/\/mparnature.fr\/index.php\/mon-compte\/"},"modified":"2024-11-16T09:19:22","modified_gmt":"2024-11-16T08:19:22","slug":"mon-compte","status":"publish","type":"page","link":"https:\/\/mparnature.fr\/index.php\/mon-compte\/","title":{"rendered":"Mon compte"},"content":{"rendered":"\t\t<div data-elementor-type=\"wp-page\" data-elementor-id=\"11\" class=\"elementor elementor-11\">\n\t\t\t\t<!-- dce invisible element ab8e9a5 --><!-- dce invisible element d5ab7fa --><div class=\"elementor-element elementor-element-254788d e-con-full e-flex wpr-particle-no wpr-jarallax-no wpr-parallax-no wpr-sticky-section-no e-con e-parent\" data-id=\"254788d\" data-element_type=\"container\">\n\t\t\t\t<div class=\"elementor-element elementor-element-7ff962d elementor-widget elementor-widget-shortcode\" data-id=\"7ff962d\" data-element_type=\"widget\" data-widget_type=\"shortcode.default\">\n\t\t\t\t<div class=\"elementor-widget-container\">\n\t\t\t\t\t\t\t<div class=\"elementor-shortcode\"><div class=\"woocommerce\"><\/div><\/div>\n\t\t\t\t\t\t<\/div>\n\t\t\t\t<\/div>\n\t\t\t\t<\/div>\n\t\t<!-- dce invisible element 6376790 -->\t\t<\/div>\n\t\t","protected":false},"excerpt":{"rendered":"<p>Bienvenue sur votre espace personnel Que souhaitez-vous faire ? Mes Commandes Points Fid\u00e9lit\u00e9s Mes Infos Modifier mon adresse D\u00e9connection<\/p>\n","protected":false},"author":1,"featured_media":0,"parent":0,"menu_order":0,"comment_status":"closed","ping_status":"closed","template":"elementor_header_footer","meta":{"jetpack_post_was_ever_published":false,"footnotes":""},"class_list":["post-11","page","type-page","status-publish","hentry"],"aioseo_notices":[],"jetpack-related-posts":[],"jetpack_sharing_enabled":true,"_links":{"self":[{"href":"https:\/\/mparnature.fr\/index.php\/wp-json\/wp\/v2\/pages\/11","targetHints":{"allow":["GET"]}}],"collection":[{"href":"https:\/\/mparnature.fr\/index.php\/wp-json\/wp\/v2\/pages"}],"about":[{"href":"https:\/\/mparnature.fr\/index.php\/wp-json\/wp\/v2\/types\/page"}],"author":[{"embeddable":true,"href":"https:\/\/mparnature.fr\/index.php\/wp-json\/wp\/v2\/users\/1"}],"replies":[{"embeddable":true,"href":"https:\/\/mparnature.fr\/index.php\/wp-json\/wp\/v2\/comments?post=11"}],"version-history":[{"count":93,"href":"https:\/\/mparnature.fr\/index.php\/wp-json\/wp\/v2\/pages\/11\/revisions"}],"predecessor-version":[{"id":5745,"href":"https:\/\/mparnature.fr\/index.php\/wp-json\/wp\/v2\/pages\/11\/revisions\/5745"}],"wp:attachment":[{"href":"https:\/\/mparnature.fr\/index.php\/wp-json\/wp\/v2\/media?parent=11"}],"curies":[{"name":"wp","href":"https:\/\/api.w.org\/{rel}","templated":true}]}}